{"id":1615,"date":"2023-04-24T13:45:35","date_gmt":"2023-04-24T13:45:35","guid":{"rendered":"https:\/\/tomaszswietlik.com\/?page_id=1615"},"modified":"2026-02-06T01:37:12","modified_gmt":"2026-02-06T00:37:12","slug":"contact","status":"publish","type":"page","link":"https:\/\/snn-studio.com\/en\/contact\/","title":{"rendered":"\u015a\u0143\u0143 &#8211; Contact"},"content":{"rendered":"<div data-elementor-type=\"wp-page\" data-elementor-id=\"1615\" class=\"elementor elementor-1615\">\n\t\t\t\t\t\t\t\t\t<section class=\"elementor-section elementor-top-section elementor-element elementor-element-b07bd6d elementor-section-full_width elementor-section-height-default elementor-section-height-default\" data-id=\"b07bd6d\" data-element_type=\"section\">\n\t\t\t\t\t\t<div class=\"elementor-container elementor-column-gap-default\">\n\t\t\t\t\t<div class=\"elementor-column elementor-col-100 elementor-top-column elementor-element elementor-element-446b45f\" data-id=\"446b45f\" data-element_type=\"column\">\n\t\t\t<div class=\"elementor-widget-wrap elementor-element-populated\">\n\t\t\t\t\t\t\t\t<div class=\"elementor-element elementor-element-cfb748a elementor-widget elementor-widget-text-editor\" data-id=\"cfb748a\" data-element_type=\"widget\" data-widget_type=\"text-editor.default\">\n\t\t\t\t<div class=\"elementor-widget-container\">\n\t\t\t<style>\/*! elementor - v3.14.0 - 26-06-2023 *\/\n.elementor-widget-text-editor.elementor-drop-cap-view-stacked .elementor-drop-cap{background-color:#69727d;color:#fff}.elementor-widget-text-editor.elementor-drop-cap-view-framed .elementor-drop-cap{color:#69727d;border:3px solid;background-color:transparent}.elementor-widget-text-editor:not(.elementor-drop-cap-view-default) .elementor-drop-cap{margin-top:8px}.elementor-widget-text-editor:not(.elementor-drop-cap-view-default) .elementor-drop-cap-letter{width:1em;height:1em}.elementor-widget-text-editor .elementor-drop-cap{float:left;text-align:center;line-height:1;font-size:50px}.elementor-widget-text-editor .elementor-drop-cap-letter{display:inline-block}<\/style>\t\t\t\t<p><span style=\"background-color: var( --e-global-color-007a850 ); font-size: 24px;\">+48 793 555 531<\/span><\/p><p><span style=\"background-color: var( --e-global-color-007a850 ); font-size: 24px;\">kontakt@snn-studio.com<\/span><\/p><p><span style=\"background-color: var( --e-global-color-007a850 ); font-size: 24px;\">Warsaw, Poland<\/span><\/p>\t\t\t\t\t\t<\/div>\n\t\t\t\t<\/div>\n\t\t\t\t\t<\/div>\n\t\t<\/div>\n\t\t\t\t\t\t\t<\/div>\n\t\t<\/section>\n\t\t\t\t\t\t\t<\/div>","protected":false},"excerpt":{"rendered":"<p>+48 793 555 531 kontakt@snn-studio.com Warszawa<\/p>","protected":false},"author":1,"featured_media":0,"parent":0,"menu_order":0,"comment_status":"closed","ping_status":"closed","template":"elementor_theme","meta":{"om_disable_all_campaigns":false,"inline_featured_image":false},"acf":[],"aioseo_notices":[],"_links":{"self":[{"href":"https:\/\/snn-studio.com\/en\/wp-json\/wp\/v2\/pages\/1615"}],"collection":[{"href":"https:\/\/snn-studio.com\/en\/wp-json\/wp\/v2\/pages"}],"about":[{"href":"https:\/\/snn-studio.com\/en\/wp-json\/wp\/v2\/types\/page"}],"author":[{"embeddable":true,"href":"https:\/\/snn-studio.com\/en\/wp-json\/wp\/v2\/users\/1"}],"replies":[{"embeddable":true,"href":"https:\/\/snn-studio.com\/en\/wp-json\/wp\/v2\/comments?post=1615"}],"version-history":[{"count":62,"href":"https:\/\/snn-studio.com\/en\/wp-json\/wp\/v2\/pages\/1615\/revisions"}],"predecessor-version":[{"id":4353,"href":"https:\/\/snn-studio.com\/en\/wp-json\/wp\/v2\/pages\/1615\/revisions\/4353"}],"wp:attachment":[{"href":"https:\/\/snn-studio.com\/en\/wp-json\/wp\/v2\/media?parent=1615"}],"curies":[{"name":"wp","href":"https:\/\/api.w.org\/{rel}","templated":true}]}}